{"id":1741,"date":"2024-11-17T13:25:49","date_gmt":"2024-11-17T12:25:49","guid":{"rendered":"https:\/\/lebonsensetlaseve.fr\/?post_type=product&#038;p=1741"},"modified":"2025-09-23T20:51:18","modified_gmt":"2025-09-23T19:51:18","slug":"roti-vegetal-bio-sisteron","status":"publish","type":"product","link":"https:\/\/lebonsensetlaseve.fr\/index.php\/produit\/roti-vegetal-bio-sisteron\/","title":{"rendered":"R\u00f4ti v\u00e9g\u00e9tal Bio Sisteron"},"content":{"rendered":"<p><img fetchpriority=\"high\" decoding=\"async\" class=\"size-medium wp-image-1695 aligncenter\" src=\"http:\/\/lebonsensetlaseve.fr\/wp-content\/uploads\/2024\/05\/cropped-cropped-Design-sans-titre-2-300x300.png\" alt=\"\" width=\"300\" height=\"300\" srcset=\"https:\/\/lebonsensetlaseve.fr\/wp-content\/uploads\/2024\/05\/cropped-cropped-Design-sans-titre-2-300x300.png 300w, https:\/\/lebonsensetlaseve.fr\/wp-content\/uploads\/2024\/05\/cropped-cropped-Design-sans-titre-2-150x150.png 150w, https:\/\/lebonsensetlaseve.fr\/wp-content\/uploads\/2024\/05\/cropped-cropped-Design-sans-titre-2-100x100.png 100w, https:\/\/lebonsensetlaseve.fr\/wp-content\/uploads\/2024\/05\/cropped-cropped-Design-sans-titre-2.png 512w\" sizes=\"(max-width: 300px) 100vw, 300px\" \/><\/p>\n<p>Prot\u00e9ines V\u00e9g\u00e9tales \u00e0 base de pois chiches et prot\u00e9ines de bl\u00e9 aux saveurs indiennes, l\u00e9g\u00e8rement relev\u00e9 en fin de bouche. 250g env. 3 \/4 personnes.<\/p>\n<p><strong>DLC 45 jours.<\/strong> Poche sous vide pasteuris\u00e9e,<\/p>\n<p>tenir au frais \u00e0 3\u00b0C,<\/p>\n<p><em>\u00e0 consommer dans les 3 jours apr\u00e8s ouverture. <\/em><\/p>\n<p>Produit supportant\u00a0 la cong\u00e9lation.<\/p>\n<p>I<span style=\"font-size: 16px;\">ngr\u00e9dients: Pois chiches*, Prot\u00e9ines de bl\u00e9 (Gluten)*, Bouillon de l\u00e9gumes*, Levure malt\u00e9e*, \u00e9pices*, sel de gu\u00e9rande label rouge, poivre de Kampoot* *issu de l&rsquo;agriculture biologique<\/span><strong style=\"font-size: 16px; font-style: normal; color: #0000ff;\"><img decoding=\"async\" class=\"alignnone wp-image-1673 size-medium\" src=\"http:\/\/lebonsensetlaseve.fr\/wp-content\/uploads\/2024\/10\/DSC6305-240x300.jpg\" alt=\"\" width=\"240\" height=\"300\" srcset=\"https:\/\/lebonsensetlaseve.fr\/wp-content\/uploads\/2024\/10\/DSC6305-240x300.jpg 240w, https:\/\/lebonsensetlaseve.fr\/wp-content\/uploads\/2024\/10\/DSC6305-1638x2048.jpg 1638w, https:\/\/lebonsensetlaseve.fr\/wp-content\/uploads\/2024\/10\/DSC6305-768x960.jpg 768w, https:\/\/lebonsensetlaseve.fr\/wp-content\/uploads\/2024\/10\/DSC6305-1229x1536.jpg 1229w, https:\/\/lebonsensetlaseve.fr\/wp-content\/uploads\/2024\/10\/DSC6305-600x750.jpg 600w, https:\/\/lebonsensetlaseve.fr\/wp-content\/uploads\/2024\/10\/DSC6305.jpg 2000w\" sizes=\"(max-width: 240px) 100vw, 240px\" \/>\u00a0 <img decoding=\"async\" class=\"size-medium wp-image-1688 alignright\" src=\"http:\/\/lebonsensetlaseve.fr\/wp-content\/uploads\/2024\/10\/DSC6762-240x300.jpg\" alt=\"\" width=\"240\" height=\"300\" srcset=\"https:\/\/lebonsensetlaseve.fr\/wp-content\/uploads\/2024\/10\/DSC6762-240x300.jpg 240w, https:\/\/lebonsensetlaseve.fr\/wp-content\/uploads\/2024\/10\/DSC6762-1638x2048.jpg 1638w, https:\/\/lebonsensetlaseve.fr\/wp-content\/uploads\/2024\/10\/DSC6762-768x960.jpg 768w, https:\/\/lebonsensetlaseve.fr\/wp-content\/uploads\/2024\/10\/DSC6762-1229x1536.jpg 1229w, https:\/\/lebonsensetlaseve.fr\/wp-content\/uploads\/2024\/10\/DSC6762-600x750.jpg 600w, https:\/\/lebonsensetlaseve.fr\/wp-content\/uploads\/2024\/10\/DSC6762.jpg 2000w\" sizes=\"(max-width: 240px) 100vw, 240px\" \/><\/strong><\/p>\n<p><span style=\"color: #0000ff;\"><strong>Ce<\/strong><\/span><strong style=\"color: #0000ff; font-size: 16px;\">rtifi\u00e9 par CERTIPAQ BIO FR-BIO-09 Agriculture UE\/NON UE<\/strong><\/p>\n","protected":false},"excerpt":{"rendered":"<p>Produit\u00a0<strong>minute<\/strong>\u00a0ou Produit \u00e0\u00a0<strong>mijoter<\/strong><\/p>\n<p><strong>D\u00e9chirer<\/strong>: permet de garder la texture fibre. Faire sauter dans un peu d\u2019huile \u00e0 la po\u00eale et servir chaud avec votre sauce f\u00e9tiche, dans un burger, ou froid en ap\u00e9ritif, sur des brochettes tomate mozza, avec une sauce blanche\/persil.<\/p>\n<p><strong>Couper:<\/strong>\u00a0en lamelles\u00a0<strong>fines<\/strong>, froid ou snacker, sur une salade, dans un sandwich ou un K\u00e9bab, sur une Pizza, une Flammekueche.<\/p>\n<p><strong>Couper:<\/strong>\u00a0en\u00a0<strong>allumettes<\/strong>, comme alternative v\u00e9g\u00e9tale aux lardons.<\/p>\n<p><strong>Entier:\u00a0<\/strong>au milieu de l\u00e9gumes en cocotte avec couvercle au four\u2026..<\/p>\n<p><strong>Vapeur:<\/strong>\u00a0pour une di\u00e8te savoureuse.<\/p>\n<p><strong>R\u00e2p\u00e9:\u00a0<\/strong>Pour faire des Nems, Tacos, Wraps, sandwichs,\u2026.<\/p>\n<p><strong>Hach\u00e9:\u00a0<\/strong>Pour des boulettes, sauces, des galettes,\u2026<\/p>\n<p><strong>Contre Indication:<\/strong>\u00a0Il n\u2019y en a pas ! Car m\u00eame sur le Barbecue,\u00a0\u00a0<em>Le R\u00f4ti V\u00e9g\u00e9tal<\/em>\u00a0est d\u00e9licieux !<\/p>\n","protected":false},"featured_media":1663,"comment_status":"open","ping_status":"closed","template":"","meta":{"site-sidebar-layout":"default","site-content-layout":"","ast-site-content-layout":"default","site-content-style":"default","site-sidebar-style":"default","ast-global-header-display":"","ast-banner-title-visibility":"","ast-main-header-display":"","ast-hfb-above-header-display":"","ast-hfb-below-header-display":"","ast-hfb-mobile-header-display":"","site-post-title":"","ast-breadcrumbs-content":"","ast-featured-img":"","footer-sml-layout":"","ast-disable-related-posts":"","theme-transparent-header-meta":"default","adv-header-id-meta":"","stick-header-meta":"","header-above-stick-meta":"","header-main-stick-meta":"","header-below-stick-meta":"","astra-migrate-meta-layouts":"set","ast-page-background-enabled":"default","ast-page-background-meta":{"desktop":{"background-color":"var(--ast-global-color-4)","background-image":"","background-repeat":"repeat","background-position":"center center","background-size":"auto","background-attachment":"scroll","background-type":"","background-media":"","overlay-type":"","overlay-color":"","overlay-opacity":"","overlay-gradient":""},"tablet":{"background-color":"","background-image":"","background-repeat":"repeat","background-position":"center center","background-size":"auto","background-attachment":"scroll","background-type":"","background-media":"","overlay-type":"","overlay-color":"","overlay-opacity":"","overlay-gradient":""},"mobile":{"background-color":"","background-image":"","background-repeat":"repeat","background-position":"center center","background-size":"auto","background-attachment":"scroll","background-type":"","background-media":"","overlay-type":"","overlay-color":"","overlay-opacity":"","overlay-gradient":""}},"ast-content-background-meta":{"desktop":{"background-color":"var(--ast-global-color-5)","background-image":"","background-repeat":"repeat","background-position":"center center","background-size":"auto","background-attachment":"scroll","background-type":"","background-media":"","overlay-type":"","overlay-color":"","overlay-opacity":"","overlay-gradient":""},"tablet":{"background-color":"var(--ast-global-color-5)","background-image":"","background-repeat":"repeat","background-position":"center center","background-size":"auto","background-attachment":"scroll","background-type":"","background-media":"","overlay-type":"","overlay-color":"","overlay-opacity":"","overlay-gradient":""},"mobile":{"background-color":"var(--ast-global-color-5)","background-image":"","background-repeat":"repeat","background-position":"center center","background-size":"auto","background-attachment":"scroll","background-type":"","background-media":"","overlay-type":"","overlay-color":"","overlay-opacity":"","overlay-gradient":""}}},"product_brand":[],"product_cat":[24],"product_tag":[],"class_list":{"0":"post-1741","1":"product","2":"type-product","3":"status-publish","4":"has-post-thumbnail","6":"product_cat-roti","7":"desktop-align-left","8":"tablet-align-left","9":"mobile-align-left","11":"first","12":"instock","13":"shipping-taxable","14":"purchasable","15":"product-type-simple"},"yoast_head":"<!-- This site is optimized with the Yoast SEO plugin v27.5 - https:\/\/yoast.com\/product\/yoast-seo-wordpress\/ -->\n<title>R\u00f4ti v\u00e9g\u00e9tal Bio Sisteron - Le Bon Sens et La S\u00e8ve<\/title>\n<meta name=\"description\" content=\"Prot\u00e9ines V\u00e9g\u00e9tales,R\u00f4ti v\u00e9g\u00e9tal Bio\" \/>\n<meta name=\"robots\" content=\"index, follow, max-snippet:-1, max-image-preview:large, max-video-preview:-1\" \/>\n<link rel=\"canonical\" href=\"https:\/\/lebonsensetlaseve.fr\/index.php\/produit\/roti-vegetal-bio-sisteron\/\" \/>\n<meta property=\"og:locale\" content=\"fr_FR\" \/>\n<meta property=\"og:type\" content=\"article\" \/>\n<meta property=\"og:title\" content=\"R\u00f4ti v\u00e9g\u00e9tal Bio Sisteron - Le Bon Sens et La S\u00e8ve\" \/>\n<meta property=\"og:description\" content=\"Prot\u00e9ines V\u00e9g\u00e9tales,R\u00f4ti v\u00e9g\u00e9tal Bio\" \/>\n<meta property=\"og:url\" content=\"https:\/\/lebonsensetlaseve.fr\/index.php\/produit\/roti-vegetal-bio-sisteron\/\" \/>\n<meta property=\"og:site_name\" content=\"Le Bon Sens et La S\u00e8ve\" \/>\n<meta property=\"article:modified_time\" content=\"2025-09-23T19:51:18+00:00\" \/>\n<meta property=\"og:image\" content=\"http:\/\/lebonsensetlaseve.fr\/wp-content\/uploads\/2024\/10\/DSC6622.jpg\" \/>\n\t<meta property=\"og:image:width\" content=\"2000\" \/>\n\t<meta property=\"og:image:height\" content=\"2500\" \/>\n\t<meta property=\"og:image:type\" content=\"image\/jpeg\" \/>\n<meta name=\"twitter:card\" content=\"summary_large_image\" \/>\n<meta name=\"twitter:label1\" content=\"Dur\u00e9e de lecture estim\u00e9e\" \/>\n\t<meta name=\"twitter:data1\" content=\"2 minutes\" \/>\n<script type=\"application\/ld+json\" class=\"yoast-schema-graph\">{\"@context\":\"https:\\\/\\\/schema.org\",\"@graph\":[{\"@type\":\"WebPage\",\"@id\":\"https:\\\/\\\/lebonsensetlaseve.fr\\\/index.php\\\/produit\\\/roti-vegetal-bio-sisteron\\\/\",\"url\":\"https:\\\/\\\/lebonsensetlaseve.fr\\\/index.php\\\/produit\\\/roti-vegetal-bio-sisteron\\\/\",\"name\":\"R\u00f4ti v\u00e9g\u00e9tal Bio Sisteron - Le Bon Sens et La S\u00e8ve\",\"isPartOf\":{\"@id\":\"https:\\\/\\\/lebonsensetlaseve.fr\\\/#website\"},\"primaryImageOfPage\":{\"@id\":\"https:\\\/\\\/lebonsensetlaseve.fr\\\/index.php\\\/produit\\\/roti-vegetal-bio-sisteron\\\/#primaryimage\"},\"image\":{\"@id\":\"https:\\\/\\\/lebonsensetlaseve.fr\\\/index.php\\\/produit\\\/roti-vegetal-bio-sisteron\\\/#primaryimage\"},\"thumbnailUrl\":\"https:\\\/\\\/lebonsensetlaseve.fr\\\/wp-content\\\/uploads\\\/2024\\\/10\\\/DSC6622.jpg\",\"datePublished\":\"2024-11-17T12:25:49+00:00\",\"dateModified\":\"2025-09-23T19:51:18+00:00\",\"description\":\"Prot\u00e9ines V\u00e9g\u00e9tales,R\u00f4ti v\u00e9g\u00e9tal Bio\",\"breadcrumb\":{\"@id\":\"https:\\\/\\\/lebonsensetlaseve.fr\\\/index.php\\\/produit\\\/roti-vegetal-bio-sisteron\\\/#breadcrumb\"},\"inLanguage\":\"fr-FR\",\"potentialAction\":[{\"@type\":\"ReadAction\",\"target\":[\"https:\\\/\\\/lebonsensetlaseve.fr\\\/index.php\\\/produit\\\/roti-vegetal-bio-sisteron\\\/\"]}]},{\"@type\":\"ImageObject\",\"inLanguage\":\"fr-FR\",\"@id\":\"https:\\\/\\\/lebonsensetlaseve.fr\\\/index.php\\\/produit\\\/roti-vegetal-bio-sisteron\\\/#primaryimage\",\"url\":\"https:\\\/\\\/lebonsensetlaseve.fr\\\/wp-content\\\/uploads\\\/2024\\\/10\\\/DSC6622.jpg\",\"contentUrl\":\"https:\\\/\\\/lebonsensetlaseve.fr\\\/wp-content\\\/uploads\\\/2024\\\/10\\\/DSC6622.jpg\",\"width\":2000,\"height\":2500},{\"@type\":\"BreadcrumbList\",\"@id\":\"https:\\\/\\\/lebonsensetlaseve.fr\\\/index.php\\\/produit\\\/roti-vegetal-bio-sisteron\\\/#breadcrumb\",\"itemListElement\":[{\"@type\":\"ListItem\",\"position\":1,\"name\":\"Accueil\",\"item\":\"https:\\\/\\\/lebonsensetlaseve.fr\\\/\"},{\"@type\":\"ListItem\",\"position\":2,\"name\":\"Produits\",\"item\":\"https:\\\/\\\/lebonsensetlaseve.fr\\\/index.php\\\/shop\\\/\"},{\"@type\":\"ListItem\",\"position\":3,\"name\":\"R\u00f4ti v\u00e9g\u00e9tal Bio Sisteron\"}]},{\"@type\":\"WebSite\",\"@id\":\"https:\\\/\\\/lebonsensetlaseve.fr\\\/#website\",\"url\":\"https:\\\/\\\/lebonsensetlaseve.fr\\\/\",\"name\":\"Le Bon Sens et La S\u00e8ve\",\"description\":\"Notre mission, vous r\u00e9galer sainement.\",\"publisher\":{\"@id\":\"https:\\\/\\\/lebonsensetlaseve.fr\\\/#organization\"},\"potentialAction\":[{\"@type\":\"SearchAction\",\"target\":{\"@type\":\"EntryPoint\",\"urlTemplate\":\"https:\\\/\\\/lebonsensetlaseve.fr\\\/?s={search_term_string}\"},\"query-input\":{\"@type\":\"PropertyValueSpecification\",\"valueRequired\":true,\"valueName\":\"search_term_string\"}}],\"inLanguage\":\"fr-FR\"},{\"@type\":\"Organization\",\"@id\":\"https:\\\/\\\/lebonsensetlaseve.fr\\\/#organization\",\"name\":\"Le Bon Sens et La S\u00e8ve\",\"url\":\"https:\\\/\\\/lebonsensetlaseve.fr\\\/\",\"logo\":{\"@type\":\"ImageObject\",\"inLanguage\":\"fr-FR\",\"@id\":\"https:\\\/\\\/lebonsensetlaseve.fr\\\/#\\\/schema\\\/logo\\\/image\\\/\",\"url\":\"https:\\\/\\\/lebonsensetlaseve.fr\\\/wp-content\\\/uploads\\\/2024\\\/05\\\/cropped-cropped-Design-sans-titre-2.png\",\"contentUrl\":\"https:\\\/\\\/lebonsensetlaseve.fr\\\/wp-content\\\/uploads\\\/2024\\\/05\\\/cropped-cropped-Design-sans-titre-2.png\",\"width\":512,\"height\":512,\"caption\":\"Le Bon Sens et La S\u00e8ve\"},\"image\":{\"@id\":\"https:\\\/\\\/lebonsensetlaseve.fr\\\/#\\\/schema\\\/logo\\\/image\\\/\"}}]}<\/script>\n<!-- \/ Yoast SEO plugin. -->","yoast_head_json":{"title":"R\u00f4ti v\u00e9g\u00e9tal Bio Sisteron - Le Bon Sens et La S\u00e8ve","description":"Prot\u00e9ines V\u00e9g\u00e9tales,R\u00f4ti v\u00e9g\u00e9tal Bio","robots":{"index":"index","follow":"follow","max-snippet":"max-snippet:-1","max-image-preview":"max-image-preview:large","max-video-preview":"max-video-preview:-1"},"canonical":"https:\/\/lebonsensetlaseve.fr\/index.php\/produit\/roti-vegetal-bio-sisteron\/","og_locale":"fr_FR","og_type":"article","og_title":"R\u00f4ti v\u00e9g\u00e9tal Bio Sisteron - Le Bon Sens et La S\u00e8ve","og_description":"Prot\u00e9ines V\u00e9g\u00e9tales,R\u00f4ti v\u00e9g\u00e9tal Bio","og_url":"https:\/\/lebonsensetlaseve.fr\/index.php\/produit\/roti-vegetal-bio-sisteron\/","og_site_name":"Le Bon Sens et La S\u00e8ve","article_modified_time":"2025-09-23T19:51:18+00:00","og_image":[{"width":2000,"height":2500,"url":"http:\/\/lebonsensetlaseve.fr\/wp-content\/uploads\/2024\/10\/DSC6622.jpg","type":"image\/jpeg"}],"twitter_card":"summary_large_image","twitter_misc":{"Dur\u00e9e de lecture estim\u00e9e":"2 minutes"},"schema":{"@context":"https:\/\/schema.org","@graph":[{"@type":"WebPage","@id":"https:\/\/lebonsensetlaseve.fr\/index.php\/produit\/roti-vegetal-bio-sisteron\/","url":"https:\/\/lebonsensetlaseve.fr\/index.php\/produit\/roti-vegetal-bio-sisteron\/","name":"R\u00f4ti v\u00e9g\u00e9tal Bio Sisteron - Le Bon Sens et La S\u00e8ve","isPartOf":{"@id":"https:\/\/lebonsensetlaseve.fr\/#website"},"primaryImageOfPage":{"@id":"https:\/\/lebonsensetlaseve.fr\/index.php\/produit\/roti-vegetal-bio-sisteron\/#primaryimage"},"image":{"@id":"https:\/\/lebonsensetlaseve.fr\/index.php\/produit\/roti-vegetal-bio-sisteron\/#primaryimage"},"thumbnailUrl":"https:\/\/lebonsensetlaseve.fr\/wp-content\/uploads\/2024\/10\/DSC6622.jpg","datePublished":"2024-11-17T12:25:49+00:00","dateModified":"2025-09-23T19:51:18+00:00","description":"Prot\u00e9ines V\u00e9g\u00e9tales,R\u00f4ti v\u00e9g\u00e9tal Bio","breadcrumb":{"@id":"https:\/\/lebonsensetlaseve.fr\/index.php\/produit\/roti-vegetal-bio-sisteron\/#breadcrumb"},"inLanguage":"fr-FR","potentialAction":[{"@type":"ReadAction","target":["https:\/\/lebonsensetlaseve.fr\/index.php\/produit\/roti-vegetal-bio-sisteron\/"]}]},{"@type":"ImageObject","inLanguage":"fr-FR","@id":"https:\/\/lebonsensetlaseve.fr\/index.php\/produit\/roti-vegetal-bio-sisteron\/#primaryimage","url":"https:\/\/lebonsensetlaseve.fr\/wp-content\/uploads\/2024\/10\/DSC6622.jpg","contentUrl":"https:\/\/lebonsensetlaseve.fr\/wp-content\/uploads\/2024\/10\/DSC6622.jpg","width":2000,"height":2500},{"@type":"BreadcrumbList","@id":"https:\/\/lebonsensetlaseve.fr\/index.php\/produit\/roti-vegetal-bio-sisteron\/#breadcrumb","itemListElement":[{"@type":"ListItem","position":1,"name":"Accueil","item":"https:\/\/lebonsensetlaseve.fr\/"},{"@type":"ListItem","position":2,"name":"Produits","item":"https:\/\/lebonsensetlaseve.fr\/index.php\/shop\/"},{"@type":"ListItem","position":3,"name":"R\u00f4ti v\u00e9g\u00e9tal Bio Sisteron"}]},{"@type":"WebSite","@id":"https:\/\/lebonsensetlaseve.fr\/#website","url":"https:\/\/lebonsensetlaseve.fr\/","name":"Le Bon Sens et La S\u00e8ve","description":"Notre mission, vous r\u00e9galer sainement.","publisher":{"@id":"https:\/\/lebonsensetlaseve.fr\/#organization"},"potentialAction":[{"@type":"SearchAction","target":{"@type":"EntryPoint","urlTemplate":"https:\/\/lebonsensetlaseve.fr\/?s={search_term_string}"},"query-input":{"@type":"PropertyValueSpecification","valueRequired":true,"valueName":"search_term_string"}}],"inLanguage":"fr-FR"},{"@type":"Organization","@id":"https:\/\/lebonsensetlaseve.fr\/#organization","name":"Le Bon Sens et La S\u00e8ve","url":"https:\/\/lebonsensetlaseve.fr\/","logo":{"@type":"ImageObject","inLanguage":"fr-FR","@id":"https:\/\/lebonsensetlaseve.fr\/#\/schema\/logo\/image\/","url":"https:\/\/lebonsensetlaseve.fr\/wp-content\/uploads\/2024\/05\/cropped-cropped-Design-sans-titre-2.png","contentUrl":"https:\/\/lebonsensetlaseve.fr\/wp-content\/uploads\/2024\/05\/cropped-cropped-Design-sans-titre-2.png","width":512,"height":512,"caption":"Le Bon Sens et La S\u00e8ve"},"image":{"@id":"https:\/\/lebonsensetlaseve.fr\/#\/schema\/logo\/image\/"}}]}},"_links":{"self":[{"href":"https:\/\/lebonsensetlaseve.fr\/index.php\/wp-json\/wp\/v2\/product\/1741","targetHints":{"allow":["GET"]}}],"collection":[{"href":"https:\/\/lebonsensetlaseve.fr\/index.php\/wp-json\/wp\/v2\/product"}],"about":[{"href":"https:\/\/lebonsensetlaseve.fr\/index.php\/wp-json\/wp\/v2\/types\/product"}],"replies":[{"embeddable":true,"href":"https:\/\/lebonsensetlaseve.fr\/index.php\/wp-json\/wp\/v2\/comments?post=1741"}],"wp:featuredmedia":[{"embeddable":true,"href":"https:\/\/lebonsensetlaseve.fr\/index.php\/wp-json\/wp\/v2\/media\/1663"}],"wp:attachment":[{"href":"https:\/\/lebonsensetlaseve.fr\/index.php\/wp-json\/wp\/v2\/media?parent=1741"}],"wp:term":[{"taxonomy":"product_brand","embeddable":true,"href":"https:\/\/lebonsensetlaseve.fr\/index.php\/wp-json\/wp\/v2\/product_brand?post=1741"},{"taxonomy":"product_cat","embeddable":true,"href":"https:\/\/lebonsensetlaseve.fr\/index.php\/wp-json\/wp\/v2\/product_cat?post=1741"},{"taxonomy":"product_tag","embeddable":true,"href":"https:\/\/lebonsensetlaseve.fr\/index.php\/wp-json\/wp\/v2\/product_tag?post=1741"}],"curies":[{"name":"wp","href":"https:\/\/api.w.org\/{rel}","templated":true}]}}